{"id":662,"date":"2017-06-12T03:57:07","date_gmt":"2017-06-12T03:57:07","guid":{"rendered":"http:\/\/demo2.steelthemes.com\/gardenhub\/?page_id=53"},"modified":"2023-05-08T10:40:25","modified_gmt":"2023-05-08T10:40:25","slug":"home-page-1","status":"publish","type":"page","link":"https:\/\/goldene-aue-helmstedt.de\/","title":{"rendered":"Home Page 1"},"content":{"rendered":"<section class=\"wpb-content-wrapper\"><p>[vc_row full_width=&#8220;stretch_row_content_no_spaces&#8220;][vc_column][rev_slider_vc alias=&#8220;slider_1&#8243;][\/vc_column][\/vc_row][vc_row css=&#8220;.vc_custom_1495533014348{padding-top: 65px !important;padding-bottom: 25px !important;}&#8220;][vc_column]<div class=\"fh-section-title clearfix  text-center style-1 version-dark has-icon\"><div class=\"container\"><h2>Welcomen bei Goldene Aue Helmstedt<\/h2><span class=\"fh-icon\"><i class=\"flaticon-nature-3\"><\/i><\/span><\/div><\/div>[vc_column_text css=&#8220;.vc_custom_1683548473565{padding-top: 25px !important;padding-bottom: 45px !important;}&#8220;]<img decoding=\"async\" loading=\"lazy\" class=\"aligncenter wp-image-106\" src=\"https:\/\/goldene-aue-helmstedt.de\/wp-content\/uploads\/2019\/07\/IMG_3447-1-300x225.jpg\" alt=\"\" width=\"700\" height=\"525\" srcset=\"https:\/\/goldene-aue-helmstedt.de\/wp-content\/uploads\/2019\/07\/IMG_3447-1-300x225.jpg 300w, https:\/\/goldene-aue-helmstedt.de\/wp-content\/uploads\/2019\/07\/IMG_3447-1-scaled-600x450.jpg 600w, https:\/\/goldene-aue-helmstedt.de\/wp-content\/uploads\/2019\/07\/IMG_3447-1-1024x768.jpg 1024w, https:\/\/goldene-aue-helmstedt.de\/wp-content\/uploads\/2019\/07\/IMG_3447-1-768x576.jpg 768w, https:\/\/goldene-aue-helmstedt.de\/wp-content\/uploads\/2019\/07\/IMG_3447-1-1536x1152.jpg 1536w, https:\/\/goldene-aue-helmstedt.de\/wp-content\/uploads\/2019\/07\/IMG_3447-1-2048x1536.jpg 2048w\" sizes=\"(max-width: 700px) 100vw, 700px\" \/>[\/vc_column_text][\/vc_column][\/vc_row][vc_row enable_parallax=&#8220;yes&#8220; css=&#8220;.vc_custom_1580804708788{padding-top: 65px !important;padding-bottom: 45px !important;background-image: url(http:\/\/demo2.steelthemes.com\/gardenhub\/wp-content\/uploads\/sites\/6\/2020\/02\/home1-bg.jpg?id=539) !important;}&#8220;][vc_column][vc_images_carousel images=&#8220;20,105,95,85,84,110,107&#8243; img_size=&#8220;large&#8220; slides_per_view=&#8220;4&#8243; autoplay=&#8220;yes&#8220; partial_view=&#8220;yes&#8220; wrap=&#8220;yes&#8220; title=&#8220;Bilder|Galerie&#8220;]<div class=\"fh-section-title clearfix  text-left style-1 version-light\"><div class=\"container\"><h2>Bilder <span class=\"main-color\">Galerie<\/span><\/h2><\/div><\/div>[\/vc_column][\/vc_row][vc_row css=&#8220;.vc_custom_1497930936972{margin-top: 75px !important;margin-bottom: 50px !important;}&#8220;][vc_column]<div class=\"fh-section-title clearfix  text-center style-1 version-dark\"><div class=\"container\"><h2>Interesse an unserem Verein?<\/h2><\/div><\/div>[\/vc_column][\/vc_row][vc_row css=&#8220;.vc_custom_1498640351319{padding-bottom: 40px !important;}&#8220;][vc_column offset=&#8220;vc_col-lg-6 vc_col-md-6&#8243; css=&#8220;.vc_custom_1498640356533{padding-bottom: 30px !important;}&#8220;][vc_row_inner][vc_column_inner width=&#8220;1\/2&#8243; offset=&#8220;vc_col-lg-6 vc_col-md-6 vc_col-xs-12&#8243;][vc_single_image image=&#8220;541&#8243; img_size=&#8220;270&#215;200&#8243;][\/vc_column_inner][vc_column_inner width=&#8220;1\/2&#8243; offset=&#8220;vc_col-lg-6 vc_col-md-6 vc_col-xs-12&#8243;][vc_single_image image=&#8220;542&#8243; img_size=&#8220;270&#215;200&#8243;][\/vc_column_inner][\/vc_row_inner][vc_column_text css=&#8220;.vc_custom_1683548242595{margin-top: 30px !important;margin-bottom: 15px !important;}&#8220;]<strong>Gr\u00fcndungsjahr: 1950<\/strong><br \/>\n<strong>Genutzte Gesamtfl\u00e4che: ca. 4,1ha<\/strong><br \/>\n<strong>Mitglieder mit Garten: 102<\/strong>[\/vc_column_text][vc_column_text]<strong>Wir sind ein junger Verein mit \u00fcber 50-j\u00e4hriger Tradition. \u201eJung\u201c, weil zu unseren Mitgliedern viele Familien mit Kindern geh\u00f6ren und traditionell, weil wir uns an die Vorgaben der Gr\u00fcnder halten, die Arbeit unserer Vorg\u00e4nger bewahren und fortf\u00fchren.<\/strong>[\/vc_column_text][\/vc_column][vc_column el_class=&#8220;gh-contact-form&#8220; offset=&#8220;vc_col-lg-6 vc_col-md-6&#8243; css=&#8220;.vc_custom_1498640362365{padding-bottom: 30px !important;}&#8220;]\n<div class=\"wpcf7 no-js\" id=\"wpcf7-f4-o1\" lang=\"en-US\" dir=\"ltr\">\n<div class=\"screen-reader-response\"><p role=\"status\" aria-live=\"polite\" aria-atomic=\"true\"><\/p> <ul><\/ul><\/div>\n<form action=\"\/index.php?rest_route=%2Fwp%2Fv2%2Fpages%2F662#wpcf7-f4-o1\" method=\"post\" class=\"wpcf7-form init\" aria-label=\"Contact form\" novalidate=\"novalidate\" data-status=\"init\">\n<div style=\"display: none;\">\n<input type=\"hidden\" name=\"_wpcf7\" value=\"4\" \/>\n<input type=\"hidden\" name=\"_wpcf7_version\" value=\"5.8.7\" \/>\n<input type=\"hidden\" name=\"_wpcf7_locale\" value=\"en_US\" \/>\n<input type=\"hidden\" name=\"_wpcf7_unit_tag\" value=\"wpcf7-f4-o1\" \/>\n<input type=\"hidden\" name=\"_wpcf7_container_post\" value=\"0\" \/>\n<input type=\"hidden\" name=\"_wpcf7_posted_data_hash\" value=\"\" \/>\n<input type=\"hidden\" name=\"_wpcf7_recaptcha_response\" value=\"\" \/>\n<\/div>\n<div class=\"fh-form fh-form-1\">\n\t<div class=\"row\">\n\t\t<div class=\"col-md-6 col-sm-12 col-xs-12\">\n\t\t\t<p class=\"field\"><span class=\"wpcf7-form-control-wrap\" data-name=\"your-name\"><input size=\"40\" class=\"wpcf7-form-control wpcf7-text wpcf7-validates-as-required\" aria-required=\"true\" aria-invalid=\"false\" placeholder=\"Dein Name*\" value=\"\" type=\"text\" name=\"your-name\" \/><\/span>\n\t\t\t<\/p>\n\t\t\t<p class=\"field\"><span class=\"wpcf7-form-control-wrap\" data-name=\"your-email\"><input size=\"40\" class=\"wpcf7-form-control wpcf7-email wpcf7-validates-as-required wpcf7-text wpcf7-validates-as-email\" aria-required=\"true\" aria-invalid=\"false\" placeholder=\"Deine E-Mail-Adresse*\" value=\"\" type=\"email\" name=\"your-email\" \/><\/span>\n\t\t\t<\/p>\n\t\t\t<p class=\"field\"><span class=\"wpcf7-form-control-wrap\" data-name=\"subject\"><input size=\"40\" class=\"wpcf7-form-control wpcf7-text\" aria-invalid=\"false\" placeholder=\"Betreff\" value=\"\" type=\"text\" name=\"subject\" \/><\/span>\n\t\t\t<\/p>\n\t\t<\/div>\n\t\t<div class=\"col-md-12 col-sm-12 col-xs-12\">\n\t\t\t<p class=\"field single-field\"><span class=\"wpcf7-form-control-wrap\" data-name=\"your-message\"><textarea cols=\"40\" rows=\"10\" class=\"wpcf7-form-control wpcf7-textarea\" aria-invalid=\"false\" placeholder=\"Deine Nachricht...\" name=\"your-message\"><\/textarea><\/span>\n\t\t\t<\/p>\n\t\t<\/div>\n\t\t<div class=\"col-md-4 col-sm-12 col-xs-12\">\n\t\t\t<p class=\"field submit\"><input class=\"wpcf7-form-control wpcf7-submit has-spinner fh-btn\" type=\"submit\" value=\"Senden\" \/>\n\t\t\t<\/p>\n\t\t<\/div>\n\t\t<div class=\"col-md-8 col-sm-12 col-xs-12 note\">\n\t\t\t<p><span class=\"main-color\">Note:<\/span> Wir machen keinen Spam und Ihre E-Mail-ID ist sehr vertraulich.\n\t\t\t<\/p>\n\t\t<\/div>\n\t<\/div>\n<\/div><div class=\"wpcf7-response-output\" aria-hidden=\"true\"><\/div>\n<\/form>\n<\/div>\n[\/vc_column][\/vc_row]<\/p>\n<\/section>","protected":false},"excerpt":{"rendered":"<p>[vc_row full_width=&#8220;stretch_row_content_no_spaces&#8220;][vc_column][rev_slider_vc alias=&#8220;slider_1&#8243;][\/vc_column][\/vc_row][vc_row css=&#8220;.vc_custom_1495533014348{padding-top: 65px !important;padding-bottom: 25px !important;}&#8220;][vc_column][vc_column_text css=&#8220;.vc_custom_1683548473565{padding-top: 25px !important;padding-bottom: 45px !important;}&#8220;][\/vc_column_text][\/vc_column][\/vc_row][vc_row enable_parallax=&#8220;yes&#8220; css=&#8220;.vc_custom_1580804708788{padding-top: 65px !important;padding-bottom: 45px !important;background-image: url(http:\/\/demo2.steelthemes.com\/gardenhub\/wp-content\/uploads\/sites\/6\/2020\/02\/home1-bg.jpg?id=539)&hellip;<\/p>\n","protected":false},"author":1,"featured_media":0,"parent":0,"menu_order":0,"comment_status":"closed","ping_status":"closed","template":"template-homepage.php","meta":[],"_links":{"self":[{"href":"https:\/\/goldene-aue-helmstedt.de\/index.php?rest_route=\/wp\/v2\/pages\/662"}],"collection":[{"href":"https:\/\/goldene-aue-helmstedt.de\/index.php?rest_route=\/wp\/v2\/pages"}],"about":[{"href":"https:\/\/goldene-aue-helmstedt.de\/index.php?rest_route=\/wp\/v2\/types\/page"}],"author":[{"embeddable":true,"href":"https:\/\/goldene-aue-helmstedt.de\/index.php?rest_route=\/wp\/v2\/users\/1"}],"replies":[{"embeddable":true,"href":"https:\/\/goldene-aue-helmstedt.de\/index.php?rest_route=%2Fwp%2Fv2%2Fcomments&post=662"}],"version-history":[{"count":8,"href":"https:\/\/goldene-aue-helmstedt.de\/index.php?rest_route=\/wp\/v2\/pages\/662\/revisions"}],"predecessor-version":[{"id":720,"href":"https:\/\/goldene-aue-helmstedt.de\/index.php?rest_route=\/wp\/v2\/pages\/662\/revisions\/720"}],"wp:attachment":[{"href":"https:\/\/goldene-aue-helmstedt.de\/index.php?rest_route=%2Fwp%2Fv2%2Fmedia&parent=662"}],"curies":[{"name":"wp","href":"https:\/\/api.w.org\/{rel}","templated":true}]}}