{"id":22,"date":"2019-07-15T06:45:07","date_gmt":"2019-07-15T06:45:07","guid":{"rendered":"http:\/\/goldene-aue-helmstedt.de\/?page_id=22"},"modified":"2019-07-15T08:33:51","modified_gmt":"2019-07-15T08:33:51","slug":"schrebergartenverein-goldene-aue-e-v","status":"publish","type":"page","link":"https:\/\/goldene-aue-helmstedt.de\/?page_id=22","title":{"rendered":"Schrebergartenverein Goldene Aue e.V"},"content":{"rendered":"\n<figure class=\"wp-block-image\"><img decoding=\"async\" src=\"https:\/\/goldene-aue-helmstedt.de\/wp-content\/uploads\/2019\/07\/Unbenannt-1-1024x690-1024x690.png\" alt=\"\" class=\"wp-image-20\"\/><\/figure>\n\n\n\n<p> <strong>Gr\u00fcndungsjahr: 1950<\/strong> <\/p>\n\n\n\n<p><strong>Genutzte Gesamtfl\u00e4che: ca. 4,1ha<\/strong><\/p>\n\n\n\n<p><strong>Mitglieder mit Garten: 102 <\/strong><\/p>\n\n\n\n<p><strong>Am \nwestlichen Stadtrand, eingebettet zwischen dem verl\u00e4ngerten Elzweg und \ndem Bahndamm Helmstedt-Braunschweig befindet sich unser \nSchrebergartenverein.<\/strong><\/p>\n\n\n\n<p><strong>Wir sind \nein junger Verein mit \u00fcber 50-j\u00e4hriger Tradition. \u201eJung\u201c, weil zu \nunseren Mitgliedern viele Familien mit Kindern geh\u00f6ren und traditionell,\n weil wir uns an die Vorgaben der Gr\u00fcnder halten, die Arbeit unserer \nVorg\u00e4nger bewahren und fortf\u00fchren.<\/strong><\/p>\n\n\n\n<p><strong>Unser \nVerein besteht aus 101 Einzelparzellen, mit einer Durchschnittsgr\u00f6\u00dfe von\n 400 qm. Wir verf\u00fcgen \u00fcber ein schmuckes Vereinsheim mit guter \nBewirtschaftung und festen \u00d6ffnungszeiten. Gartenfreunde, G\u00e4ste und \nBesucher sind stets willkommen. Wir haben einen agilen und \nkommunikativen Vorstand, eine sehr lebendige und aktive Frauengruppe und\n einen innovativen Festausschuss. Gartenfest, Seniorennachmittag, \nKinderfest sowie eine Weihnachtsfeier f\u00fcr die Kleinsten sind feste \nBestandteile unseres Vereinslebens.<\/strong><\/p>\n\n\n\n<p><strong>Aus dem \nGef\u00fchl der Zusammengeh\u00f6rigkeit heraus ist uns die Integration \nunterschiedlicher sozialer und ethnischer Gruppen durch das Entstehen \nvon Sozialgeflechten in unserem Verein gelungen.<\/strong><\/p>\n\n\n\n<p><strong>Sind Sie neugierig geworden? Dann besuchen Sie die familienfreundliche gr\u00fcne Oase in unserer Stadt.<\/strong><\/p>\n\n\n\n<p><strong>\u00dcber Ihren Besuch freut sich der Vorstand und die Gartengemeinschaft der \u201eGoldenen Aue\u201c.<\/strong><\/p>\n\n\n\n<p><em><strong>Vorstand :<\/strong><\/em><\/p>\n\n\n\n<p>Vorsitzender: &nbsp; &nbsp;&nbsp;&nbsp;&nbsp; Hartmut Thormeyer<\/p>\n\n\n\n<p>Stellvertreter:&nbsp;&nbsp;&nbsp; &nbsp; &nbsp;  Michael Banse<br>Kassiererin:&nbsp;&nbsp;&nbsp;&nbsp;&nbsp;&nbsp;&nbsp;&nbsp;&nbsp;&nbsp;  Karin Rosenberger&nbsp; <\/p>\n\n\n\n<p>Schriftf\u00fchrerin:&nbsp;&nbsp;&nbsp; &nbsp; Andrea Oliva<br>Fachberater:&nbsp;&nbsp;&nbsp;&nbsp;&nbsp;&nbsp;&nbsp;     Jens Gaitzsch<\/p>\n\n\n\n<p>\n Fachberater&nbsp;&nbsp;&nbsp;&nbsp;&nbsp;&nbsp;&nbsp;&nbsp;&nbsp; Norbert Englisch  \n\n<\/p>\n","protected":false},"excerpt":{"rendered":"<p>Gr\u00fcndungsjahr: 1950 Genutzte Gesamtfl\u00e4che: ca. 4,1ha Mitglieder mit Garten: 102 Am westlichen Stadtrand, eingebettet zwischen dem verl\u00e4ngerten Elzweg und dem&hellip;<\/p>\n","protected":false},"author":1,"featured_media":20,"parent":0,"menu_order":0,"comment_status":"closed","ping_status":"closed","template":"","meta":[],"_links":{"self":[{"href":"https:\/\/goldene-aue-helmstedt.de\/index.php?rest_route=\/wp\/v2\/pages\/22"}],"collection":[{"href":"https:\/\/goldene-aue-helmstedt.de\/index.php?rest_route=\/wp\/v2\/pages"}],"about":[{"href":"https:\/\/goldene-aue-helmstedt.de\/index.php?rest_route=\/wp\/v2\/types\/page"}],"author":[{"embeddable":true,"href":"https:\/\/goldene-aue-helmstedt.de\/index.php?rest_route=\/wp\/v2\/users\/1"}],"replies":[{"embeddable":true,"href":"https:\/\/goldene-aue-helmstedt.de\/index.php?rest_route=%2Fwp%2Fv2%2Fcomments&post=22"}],"version-history":[{"count":1,"href":"https:\/\/goldene-aue-helmstedt.de\/index.php?rest_route=\/wp\/v2\/pages\/22\/revisions"}],"predecessor-version":[{"id":23,"href":"https:\/\/goldene-aue-helmstedt.de\/index.php?rest_route=\/wp\/v2\/pages\/22\/revisions\/23"}],"wp:featuredmedia":[{"embeddable":true,"href":"https:\/\/goldene-aue-helmstedt.de\/index.php?rest_route=\/wp\/v2\/media\/20"}],"wp:attachment":[{"href":"https:\/\/goldene-aue-helmstedt.de\/index.php?rest_route=%2Fwp%2Fv2%2Fmedia&parent=22"}],"curies":[{"name":"wp","href":"https:\/\/api.w.org\/{rel}","templated":true}]}}